{"id":40,"date":"2025-06-25T12:57:15","date_gmt":"2025-06-25T12:57:15","guid":{"rendered":"https:\/\/www.zbrojak.info\/?page_id=40"},"modified":"2025-06-25T17:55:12","modified_gmt":"2025-06-25T17:55:12","slug":"teambuilding","status":"publish","type":"page","link":"https:\/\/www.zbrojak.info\/index.php\/teambuilding\/","title":{"rendered":"Teambuilding"},"content":{"rendered":"\n<div class=\"wp-block-group alignwide is-vertical is-content-justification-center is-layout-flex wp-container-core-group-is-layout-4b2eccd6 wp-block-group-is-layout-flex\">\n<div class=\"wp-block-group alignwide is-vertical is-content-justification-center is-layout-flex wp-container-core-group-is-layout-4b2eccd6 wp-block-group-is-layout-flex\">\n<p class=\"has-text-align-center\">Na na\u0161em webu si m\u016f\u017eete objednat <strong>teambuildingovou st\u0159elbu<\/strong> s ostr\u00fdmi zbran\u011bmi vedenou zku\u0161en\u00fdmi instruktory. Instrukt\u00e1\u017e a st\u0159elba v bezpe\u010dn\u00e9m z\u00e1zem\u00ed pos\u00edl\u00ed t\u00fdmov\u00e9ho ducha a zajist\u00ed adrenalinov\u00fd z\u00e1\u017eitek pro celou skupinu.<\/p>\n\n\n\n<p>To v\u0161e uzav\u0159ete p\u0159\u00e1telsk\u00fdm kl\u00e1n\u00edm o drobn\u00e9 ceny.<\/p>\n<\/div>\n\n\n\n<figure class=\"wp-block-image size-large is-resized\"><img loading=\"lazy\" decoding=\"async\" width=\"768\" height=\"1024\" src=\"https:\/\/www.zbrojak.info\/wp-content\/uploads\/2025\/06\/IMG-20250610-WA0020-768x1024.jpg\" alt=\"\" class=\"wp-image-67\" style=\"width:500px;height:auto\" srcset=\"https:\/\/www.zbrojak.info\/wp-content\/uploads\/2025\/06\/IMG-20250610-WA0020-768x1024.jpg 768w, https:\/\/www.zbrojak.info\/wp-content\/uploads\/2025\/06\/IMG-20250610-WA0020-225x300.jpg 225w, https:\/\/www.zbrojak.info\/wp-content\/uploads\/2025\/06\/IMG-20250610-WA0020-1152x1536.jpg 1152w, https:\/\/www.zbrojak.info\/wp-content\/uploads\/2025\/06\/IMG-20250610-WA0020.jpg 1500w\" sizes=\"auto, (max-width: 768px) 100vw, 768px\" \/><\/figure>\n<\/div>\n","protected":false},"excerpt":{"rendered":"<p>Na na\u0161em webu si m\u016f\u017eete objednat teambuildingovou st\u0159elbu s ostr\u00fdmi zbran\u011bmi vedenou zku\u0161en\u00fdmi instruktory. Instrukt\u00e1\u017e a st\u0159elba v bezpe\u010dn\u00e9m z\u00e1zem\u00ed pos\u00edl\u00ed t\u00fdmov\u00e9ho ducha a zajist\u00ed adrenalinov\u00fd z\u00e1\u017eitek pro celou skupinu. To v\u0161e uzav\u0159ete p\u0159\u00e1telsk\u00fdm kl\u00e1n\u00edm o drobn\u00e9 ceny.<\/p>\n","protected":false},"author":1,"featured_media":0,"parent":0,"menu_order":0,"comment_status":"closed","ping_status":"closed","template":"","meta":{"footnotes":""},"class_list":["post-40","page","type-page","status-publish","hentry"],"_links":{"self":[{"href":"https:\/\/www.zbrojak.info\/index.php\/wp-json\/wp\/v2\/pages\/40","targetHints":{"allow":["GET"]}}],"collection":[{"href":"https:\/\/www.zbrojak.info\/index.php\/wp-json\/wp\/v2\/pages"}],"about":[{"href":"https:\/\/www.zbrojak.info\/index.php\/wp-json\/wp\/v2\/types\/page"}],"author":[{"embeddable":true,"href":"https:\/\/www.zbrojak.info\/index.php\/wp-json\/wp\/v2\/users\/1"}],"replies":[{"embeddable":true,"href":"https:\/\/www.zbrojak.info\/index.php\/wp-json\/wp\/v2\/comments?post=40"}],"version-history":[{"count":8,"href":"https:\/\/www.zbrojak.info\/index.php\/wp-json\/wp\/v2\/pages\/40\/revisions"}],"predecessor-version":[{"id":142,"href":"https:\/\/www.zbrojak.info\/index.php\/wp-json\/wp\/v2\/pages\/40\/revisions\/142"}],"wp:attachment":[{"href":"https:\/\/www.zbrojak.info\/index.php\/wp-json\/wp\/v2\/media?parent=40"}],"curies":[{"name":"wp","href":"https:\/\/api.w.org\/{rel}","templated":true}]}}