{"id":39,"date":"2025-06-25T12:57:15","date_gmt":"2025-06-25T12:57:15","guid":{"rendered":"https:\/\/www.zbrojak.info\/?page_id=39"},"modified":"2025-06-25T17:51:27","modified_gmt":"2025-06-25T17:51:27","slug":"zazitkova-strelba","status":"publish","type":"page","link":"https:\/\/www.zbrojak.info\/index.php\/zazitkova-strelba\/","title":{"rendered":"Z\u00e1\u017eitkov\u00e1 st\u0159elba"},"content":{"rendered":"\n<div class=\"wp-block-group is-vertical is-content-justification-center is-layout-flex wp-container-core-group-is-layout-4b2eccd6 wp-block-group-is-layout-flex\">\n<p class=\"has-text-align-center\">Na na\u0161em webu si m\u016f\u017eete rezervovat <strong>z\u00e1\u017eitkovou st\u0159elbu<\/strong> s ostr\u00fdmi zbran\u011bmi pod veden\u00edm zku\u0161en\u00e9ho instruktora. Bezpe\u010dn\u00e9 z\u00e1zem\u00ed, pestr\u00fd v\u00fdb\u011br kalibr\u016f a adrenalinov\u00fd z\u00e1\u017eitek, na kter\u00fd nezapomenete.<\/p>\n\n\n\n<figure class=\"wp-block-gallery has-nested-images columns-default is-cropped wp-block-gallery-1 is-layout-flex wp-block-gallery-is-layout-flex\">\n<figure class=\"wp-block-image size-large\"><img loading=\"lazy\" decoding=\"async\" width=\"768\" height=\"1024\" data-id=\"77\" src=\"https:\/\/www.zbrojak.info\/wp-content\/uploads\/2025\/06\/IMG-20250610-WA0016-768x1024.jpg\" alt=\"\" class=\"wp-image-77\" srcset=\"https:\/\/www.zbrojak.info\/wp-content\/uploads\/2025\/06\/IMG-20250610-WA0016-768x1024.jpg 768w, https:\/\/www.zbrojak.info\/wp-content\/uploads\/2025\/06\/IMG-20250610-WA0016-225x300.jpg 225w, https:\/\/www.zbrojak.info\/wp-content\/uploads\/2025\/06\/IMG-20250610-WA0016-1152x1536.jpg 1152w, https:\/\/www.zbrojak.info\/wp-content\/uploads\/2025\/06\/IMG-20250610-WA0016.jpg 1530w\" sizes=\"auto, (max-width: 768px) 100vw, 768px\" \/><\/figure>\n\n\n\n<figure class=\"wp-block-image size-large\"><img loading=\"lazy\" decoding=\"async\" width=\"1024\" height=\"576\" data-id=\"61\" src=\"https:\/\/www.zbrojak.info\/wp-content\/uploads\/2025\/06\/IMG-20250610-WA0023-1024x576.jpg\" alt=\"\" class=\"wp-image-61\" srcset=\"https:\/\/www.zbrojak.info\/wp-content\/uploads\/2025\/06\/IMG-20250610-WA0023-1024x576.jpg 1024w, https:\/\/www.zbrojak.info\/wp-content\/uploads\/2025\/06\/IMG-20250610-WA0023-300x169.jpg 300w, https:\/\/www.zbrojak.info\/wp-content\/uploads\/2025\/06\/IMG-20250610-WA0023-768x432.jpg 768w, https:\/\/www.zbrojak.info\/wp-content\/uploads\/2025\/06\/IMG-20250610-WA0023-1536x864.jpg 1536w, https:\/\/www.zbrojak.info\/wp-content\/uploads\/2025\/06\/IMG-20250610-WA0023.jpg 2048w\" sizes=\"auto, (max-width: 1024px) 100vw, 1024px\" \/><\/figure>\n\n\n\n<figure class=\"wp-block-image size-large\"><img loading=\"lazy\" decoding=\"async\" width=\"693\" height=\"1024\" data-id=\"59\" src=\"https:\/\/www.zbrojak.info\/wp-content\/uploads\/2025\/06\/IMG-20250610-WA0018-693x1024.jpg\" alt=\"\" class=\"wp-image-59\" srcset=\"https:\/\/www.zbrojak.info\/wp-content\/uploads\/2025\/06\/IMG-20250610-WA0018-693x1024.jpg 693w, https:\/\/www.zbrojak.info\/wp-content\/uploads\/2025\/06\/IMG-20250610-WA0018-203x300.jpg 203w, https:\/\/www.zbrojak.info\/wp-content\/uploads\/2025\/06\/IMG-20250610-WA0018-768x1135.jpg 768w, https:\/\/www.zbrojak.info\/wp-content\/uploads\/2025\/06\/IMG-20250610-WA0018-1039x1536.jpg 1039w, https:\/\/www.zbrojak.info\/wp-content\/uploads\/2025\/06\/IMG-20250610-WA0018.jpg 1274w\" sizes=\"auto, (max-width: 693px) 100vw, 693px\" \/><\/figure>\n<\/figure>\n<\/div>\n\n\n\n<p><\/p>\n","protected":false},"excerpt":{"rendered":"<p>Na na\u0161em webu si m\u016f\u017eete rezervovat z\u00e1\u017eitkovou st\u0159elbu s ostr\u00fdmi zbran\u011bmi pod veden\u00edm zku\u0161en\u00e9ho instruktora. Bezpe\u010dn\u00e9 z\u00e1zem\u00ed, pestr\u00fd v\u00fdb\u011br kalibr\u016f a adrenalinov\u00fd z\u00e1\u017eitek, na kter\u00fd nezapomenete.<\/p>\n","protected":false},"author":1,"featured_media":0,"parent":0,"menu_order":0,"comment_status":"closed","ping_status":"closed","template":"","meta":{"footnotes":""},"class_list":["post-39","page","type-page","status-publish","hentry"],"_links":{"self":[{"href":"https:\/\/www.zbrojak.info\/index.php\/wp-json\/wp\/v2\/pages\/39","targetHints":{"allow":["GET"]}}],"collection":[{"href":"https:\/\/www.zbrojak.info\/index.php\/wp-json\/wp\/v2\/pages"}],"about":[{"href":"https:\/\/www.zbrojak.info\/index.php\/wp-json\/wp\/v2\/types\/page"}],"author":[{"embeddable":true,"href":"https:\/\/www.zbrojak.info\/index.php\/wp-json\/wp\/v2\/users\/1"}],"replies":[{"embeddable":true,"href":"https:\/\/www.zbrojak.info\/index.php\/wp-json\/wp\/v2\/comments?post=39"}],"version-history":[{"count":6,"href":"https:\/\/www.zbrojak.info\/index.php\/wp-json\/wp\/v2\/pages\/39\/revisions"}],"predecessor-version":[{"id":140,"href":"https:\/\/www.zbrojak.info\/index.php\/wp-json\/wp\/v2\/pages\/39\/revisions\/140"}],"wp:attachment":[{"href":"https:\/\/www.zbrojak.info\/index.php\/wp-json\/wp\/v2\/media?parent=39"}],"curies":[{"name":"wp","href":"https:\/\/api.w.org\/{rel}","templated":true}]}}