{"id":37,"date":"2025-06-25T12:57:15","date_gmt":"2025-06-25T12:57:15","guid":{"rendered":"https:\/\/www.zbrojak.info\/?page_id=37"},"modified":"2025-06-25T17:49:20","modified_gmt":"2025-06-25T17:49:20","slug":"zaklady-manipulace","status":"publish","type":"page","link":"https:\/\/www.zbrojak.info\/index.php\/zaklady-manipulace\/","title":{"rendered":"Z\u00e1klady manipulace"},"content":{"rendered":"\n<div class=\"wp-block-group is-vertical is-content-justification-center is-layout-flex wp-container-core-group-is-layout-4b2eccd6 wp-block-group-is-layout-flex\">\n<p>R\u00e1di V\u00e1s nau\u010d\u00edme bezpe\u010dn\u00e9 manipulaci se zbran\u00ed.<\/p>\n\n\n\n<p class=\"has-text-align-center\">Okam\u017eit\u00e1 zp\u011btn\u00e1 vazba odhal\u00ed chyby a flexibiln\u00ed tr\u00e9ninkov\u00fd pl\u00e1n umo\u017en\u00ed cvi\u010dit konkr\u00e9tn\u00ed \u00fakony, dokud nez\u00edsk\u00e1te jistotu a bezpe\u010dn\u00e9 n\u00e1vyky.<\/p>\n\n\n\n<p>Jsme schopni se v\u00e1m maxim\u00e1ln\u011b p\u0159izp\u016fsobit.<\/p>\n\n\n\n<figure class=\"wp-block-gallery has-nested-images columns-default is-cropped wp-block-gallery-1 is-layout-flex wp-block-gallery-is-layout-flex\">\n<figure class=\"wp-block-image size-large\"><img loading=\"lazy\" decoding=\"async\" width=\"1024\" height=\"576\" data-id=\"126\" src=\"https:\/\/www.zbrojak.info\/wp-content\/uploads\/2025\/06\/IMG_20240705_164933-1024x576.jpg\" alt=\"\" class=\"wp-image-126\" srcset=\"https:\/\/www.zbrojak.info\/wp-content\/uploads\/2025\/06\/IMG_20240705_164933-1024x576.jpg 1024w, https:\/\/www.zbrojak.info\/wp-content\/uploads\/2025\/06\/IMG_20240705_164933-300x169.jpg 300w, https:\/\/www.zbrojak.info\/wp-content\/uploads\/2025\/06\/IMG_20240705_164933-768x432.jpg 768w, https:\/\/www.zbrojak.info\/wp-content\/uploads\/2025\/06\/IMG_20240705_164933-1536x864.jpg 1536w, https:\/\/www.zbrojak.info\/wp-content\/uploads\/2025\/06\/IMG_20240705_164933-2048x1152.jpg 2048w\" sizes=\"auto, (max-width: 1024px) 100vw, 1024px\" \/><\/figure>\n\n\n\n<figure class=\"wp-block-image size-large\"><img loading=\"lazy\" decoding=\"async\" width=\"479\" height=\"479\" data-id=\"89\" src=\"https:\/\/www.zbrojak.info\/wp-content\/uploads\/2025\/06\/IMG-20250610-WA0030.jpg\" alt=\"\" class=\"wp-image-89\" srcset=\"https:\/\/www.zbrojak.info\/wp-content\/uploads\/2025\/06\/IMG-20250610-WA0030.jpg 479w, https:\/\/www.zbrojak.info\/wp-content\/uploads\/2025\/06\/IMG-20250610-WA0030-300x300.jpg 300w, https:\/\/www.zbrojak.info\/wp-content\/uploads\/2025\/06\/IMG-20250610-WA0030-150x150.jpg 150w\" sizes=\"auto, (max-width: 479px) 100vw, 479px\" \/><\/figure>\n\n\n\n<figure class=\"wp-block-image size-large\"><img loading=\"lazy\" decoding=\"async\" width=\"1024\" height=\"576\" data-id=\"86\" src=\"https:\/\/www.zbrojak.info\/wp-content\/uploads\/2025\/06\/IMG-20250610-WA0024-1024x576.jpg\" alt=\"\" class=\"wp-image-86\" srcset=\"https:\/\/www.zbrojak.info\/wp-content\/uploads\/2025\/06\/IMG-20250610-WA0024-1024x576.jpg 1024w, https:\/\/www.zbrojak.info\/wp-content\/uploads\/2025\/06\/IMG-20250610-WA0024-300x169.jpg 300w, https:\/\/www.zbrojak.info\/wp-content\/uploads\/2025\/06\/IMG-20250610-WA0024-768x432.jpg 768w, https:\/\/www.zbrojak.info\/wp-content\/uploads\/2025\/06\/IMG-20250610-WA0024-1536x864.jpg 1536w, https:\/\/www.zbrojak.info\/wp-content\/uploads\/2025\/06\/IMG-20250610-WA0024.jpg 2000w\" sizes=\"auto, (max-width: 1024px) 100vw, 1024px\" \/><\/figure>\n<\/figure>\n<\/div>\n\n\n\n<p><\/p>\n","protected":false},"excerpt":{"rendered":"<p>R\u00e1di V\u00e1s nau\u010d\u00edme bezpe\u010dn\u00e9 manipulaci se zbran\u00ed. Okam\u017eit\u00e1 zp\u011btn\u00e1 vazba odhal\u00ed chyby a flexibiln\u00ed tr\u00e9ninkov\u00fd pl\u00e1n umo\u017en\u00ed cvi\u010dit konkr\u00e9tn\u00ed \u00fakony, dokud nez\u00edsk\u00e1te jistotu a bezpe\u010dn\u00e9 n\u00e1vyky. Jsme schopni se v\u00e1m maxim\u00e1ln\u011b p\u0159izp\u016fsobit.<\/p>\n","protected":false},"author":1,"featured_media":25,"parent":0,"menu_order":0,"comment_status":"closed","ping_status":"closed","template":"","meta":{"footnotes":""},"class_list":["post-37","page","type-page","status-publish","has-post-thumbnail","hentry"],"_links":{"self":[{"href":"https:\/\/www.zbrojak.info\/index.php\/wp-json\/wp\/v2\/pages\/37","targetHints":{"allow":["GET"]}}],"collection":[{"href":"https:\/\/www.zbrojak.info\/index.php\/wp-json\/wp\/v2\/pages"}],"about":[{"href":"https:\/\/www.zbrojak.info\/index.php\/wp-json\/wp\/v2\/types\/page"}],"author":[{"embeddable":true,"href":"https:\/\/www.zbrojak.info\/index.php\/wp-json\/wp\/v2\/users\/1"}],"replies":[{"embeddable":true,"href":"https:\/\/www.zbrojak.info\/index.php\/wp-json\/wp\/v2\/comments?post=37"}],"version-history":[{"count":8,"href":"https:\/\/www.zbrojak.info\/index.php\/wp-json\/wp\/v2\/pages\/37\/revisions"}],"predecessor-version":[{"id":139,"href":"https:\/\/www.zbrojak.info\/index.php\/wp-json\/wp\/v2\/pages\/37\/revisions\/139"}],"wp:featuredmedia":[{"embeddable":true,"href":"https:\/\/www.zbrojak.info\/index.php\/wp-json\/wp\/v2\/media\/25"}],"wp:attachment":[{"href":"https:\/\/www.zbrojak.info\/index.php\/wp-json\/wp\/v2\/media?parent=37"}],"curies":[{"name":"wp","href":"https:\/\/api.w.org\/{rel}","templated":true}]}}